{"id":5,"date":"2014-11-11T11:09:47","date_gmt":"2014-11-11T11:09:47","guid":{"rendered":"http:\/\/anpsthemes.com\/constructo\/?page_id=5"},"modified":"2026-03-13T17:33:47","modified_gmt":"2026-03-13T14:33:47","slug":"home","status":"publish","type":"page","link":"https:\/\/yasarlar.com.tr\/en\/","title":{"rendered":"Home"},"content":{"rendered":"<p>[vc_row has_content=&#8221;true&#8221;][vc_column][rev_slider_vc alias=&#8221;main-slider&#8221;][\/vc_column][\/vc_row][vc_row full_width=&#8221;stretch_row&#8221; video_bg=&#8221;yes&#8221; video_bg_url=&#8221;https:\/\/www.youtube.com\/watch?v=eSq1Bm6NlfU&#8221; css=&#8221;.vc_custom_1641215182349{padding-top: 20px !important;padding-bottom: 20px !important;}&#8221;][vc_column][vc_column_text]<\/p>\n<h1 style=\"text-align: center;\"><span style=\"color: #ffffff;\"><em><span style=\"font-family: 'Adobe Caslon Pro Bold Tur';\">We produce with a love for our inner values, so everything we think you can find in a toothpaste is here.<\/span><\/em><b><span style=\"font-family: 'Adobe Caslon Pro Bold Tur';\">.<\/span><\/b><\/span><\/h1>\n<p>[\/vc_column_text][\/vc_column][\/vc_row][vc_row full_width=&#8221;stretch_row_content_no_spaces&#8221;][vc_column][vc_column_text]<strong>\r\n            <style type=\"text\/css\">\r\n\r\n                \r\n                                .lcs_logo_container a.lcs_logo_link:hover { border: 1px solid #A0A0A0; ?>; }\r\n                .lcs_logo_container a:hover img { -moz-transform: scale(1.05); -webkit-transform: scale(1.05); -o-transform: scale(1.05); -ms-transform: scale(1.05); transform: scale(1.05); }\r\n                                                .lcs_logo_container a.lcs_logo_link { border: 1px solid #d6d4d4; }\r\n                                #lcs_logo_carousel_wrapper .owl-nav {\r\n                    position: absolute;\r\n                    margin-top: 0;\r\n                }\r\n\r\n                \/* TOP Right*\/\r\n                                #lcs_logo_carousel_wrapper .owl-nav {\r\n                    right: 0;\r\n                    top: -34px;\r\n                }\r\n                                \/* TOP Left*\/\r\n                \r\n                #lcs_logo_carousel_wrapper .owl-nav div {\r\n                    background: #ffffff;\r\n                    border-radius: 2px;\r\n                    margin: 2px;\r\n                    padding: 0;\r\n                    width: 27px;\r\n                    height: 27px;\r\n                    line-height: 20px;\r\n                    font-size: 22px;\r\n                    color: #ccc;\r\n                    border: 1px solid #ccc;\r\n                    opacity: 1;\r\n                    z-index: 999;\r\n                    -moz-transition: all 0.3s linear;\r\n                    -o-transition: all 0.3s linear;\r\n                    -webkit-transition: all 0.3s linear;\r\n                    transition: all 0.3s linear;\r\n            <\/style>\r\n\r\n                        <div id=\"lcs_logo_carousel_wrapper\">\r\n                <div id=\"lcs_logo_carousel_slider\" class=\"owl-carousel owl-theme\">\r\n                    \r\n                                                <div class=\"lcs_logo_container\">\r\n\r\n\r\n                                                            <a class=\"lcs_logo_link not_active\">\r\n                                    <img decoding=\"async\" src=\"https:\/\/yasarlar.com.tr\/wp-content\/uploads\/2022\/01\/log6-185x119.jpg\" alt=\"\" \/>                                <\/a>\r\n                                                                                <\/div>\r\n                    \r\n                                                <div class=\"lcs_logo_container\">\r\n\r\n\r\n                                                            <a class=\"lcs_logo_link not_active\">\r\n                                    <img decoding=\"async\" src=\"https:\/\/yasarlar.com.tr\/wp-content\/uploads\/2024\/11\/Adsiz-tasarim-7-185x119.png\" alt=\"\" \/>                                <\/a>\r\n                                                                                <\/div>\r\n                    \r\n                                                <div class=\"lcs_logo_container\">\r\n\r\n\r\n                                                            <a class=\"lcs_logo_link not_active\">\r\n                                    <img decoding=\"async\" src=\"https:\/\/yasarlar.com.tr\/wp-content\/uploads\/2022\/01\/log7-e1732223002212-185x119.jpg\" alt=\"\" \/>                                <\/a>\r\n                                                                                <\/div>\r\n                    \r\n                                                <div class=\"lcs_logo_container\">\r\n\r\n\r\n                                                            <a class=\"lcs_logo_link not_active\">\r\n                                    <img decoding=\"async\" src=\"https:\/\/yasarlar.com.tr\/wp-content\/uploads\/2022\/01\/3-1-185x119.png\" alt=\"\" \/>                                <\/a>\r\n                                                                                <\/div>\r\n                    \r\n                                                <div class=\"lcs_logo_container\">\r\n\r\n\r\n                                                            <a class=\"lcs_logo_link not_active\">\r\n                                    <img decoding=\"async\" src=\"https:\/\/yasarlar.com.tr\/wp-content\/uploads\/2022\/01\/2-1-185x119.png\" alt=\"\" \/>                                <\/a>\r\n                                                                                <\/div>\r\n                    \r\n                                                <div class=\"lcs_logo_container\">\r\n\r\n\r\n                                                            <a class=\"lcs_logo_link not_active\">\r\n                                    <img decoding=\"async\" src=\"https:\/\/yasarlar.com.tr\/wp-content\/uploads\/2022\/01\/log1-185x119.jpg\" alt=\"\" \/>                                <\/a>\r\n                                                                                <\/div>\r\n                    \r\n                                                <div class=\"lcs_logo_container\">\r\n\r\n\r\n                                                            <a class=\"lcs_logo_link not_active\">\r\n                                    <img decoding=\"async\" src=\"https:\/\/yasarlar.com.tr\/wp-content\/uploads\/2022\/01\/log7-e1732223002212-185x119.jpg\" alt=\"\" \/>                                <\/a>\r\n                                                                                <\/div>\r\n                                                        <\/div> <!-- End lcs_logo_carousel_slider -->\r\n            <\/div> <!--ends #lcs_logo_carousel_wrapper-->\r\n\r\n            <!--UPDATED Carousel VERSION CODE-->\r\n            <!--INITIALIZE THE SLIDER-->\r\n            <script>\r\n                jQuery(document).ready(function($){\r\n                    var logoSlider = $(\"#lcs_logo_carousel_slider\");\r\n\r\n                    logoSlider.owlCarousel({\r\n                        loop:true,\r\n                        autoWidth:false,\r\n                        responsiveClass:true,\r\n                        dots:false,\r\n                        autoplay:true,\r\n\r\n                        autoplayTimeout: 4000,\r\n                        autoplayHoverPause: false,\r\n                        dotData:true,\r\n                        dotsEach:false,\r\n                        slideBy:1,\r\n                        rtl:false,\r\n                        nav:true,\r\n                        navText:['\u2039','\u203a'],\r\n                        smartSpeed: 1000, \/\/ it smooths the transition\r\n                        responsive:{\r\n                            0 : {\r\n                                items:2\r\n                            },\r\n                            500: {\r\n                                items:3\r\n                            },\r\n                            600 : {\r\n                                items:3\r\n                            },\r\n                            768:{\r\n                                items:4\r\n                            },\r\n                            1199:{\r\n                                items:5                            }\r\n                        }\r\n                    });\r\n\r\n\r\n                    \/\/ custom navigation button for slider\r\n                    \/\/ at first. let us cache the element\r\n                    var $lcs_wrap = $('#lcs_logo_carousel_wrapper');\r\n                    \/\/ Go to the next item\r\n                    $lcs_wrap.on('click', '.prev', function () {\r\n                        logoSlider.trigger('prev.owl.carousel');\r\n                    });\r\n\r\n                    \/\/ Go to the previous item\r\n                    $lcs_wrap.on('click', '.next', function () {\r\n                        \/\/ With optional speed parameter\r\n                        \/\/ Parameters has to be in square bracket '[]'\r\n                        logoSlider.trigger('next.owl.carousel');\r\n                    })\r\n\r\n\r\n                });\r\n            <\/script>\r\n            <\/strong>[\/vc_column_text][\/vc_column][\/vc_row][vc_row][vc_column width=&#8221;1\/3&#8243;][vc_single_image image=&#8221;1079&#8243; img_size=&#8221;full&#8221; alignment=&#8221;center&#8221;][\/vc_column][vc_column width=&#8221;1\/3&#8243; css=&#8221;.vc_custom_1642403270632{margin-right: 35px !important;margin-left: 35px !important;}&#8221;][vc_single_image image=&#8221;1080&#8243; img_size=&#8221;full&#8221; alignment=&#8221;center&#8221;][\/vc_column][vc_column width=&#8221;1\/3&#8243;][vc_single_image image=&#8221;1078&#8243; img_size=&#8221;large&#8221; alignment=&#8221;center&#8221;][\/vc_column][\/vc_row][vc_row][vc_column width=&#8221;1\/2&#8243;][vc_empty_space][vc_single_image image=&#8221;948&#8243; img_size=&#8221;full&#8221; alignment=&#8221;center&#8221;][\/vc_column][vc_column width=&#8221;1\/2&#8243;][vc_empty_space][vc_empty_space][vc_custom_heading text=&#8221;We, Ya\u015farlar Kozmetik Medikal Sanayi ve D\u0131\u015f Ticaret A.\u015e., have been our esteemed Business Partners in both domestic and export markets since 2000. ; We produce Toothpastes and cosmetics preparations under our own brands and as Private Label the trademarks of our distinguished Business Partners, aiming at a stable growth based on exports to nearly 30 countries, especially in a wide geography, and we are progressing in this line.&#8221; font_container=&#8221;tag:h3|font_size:18px|text_align:center&#8221; google_fonts=&#8221;font_family:Montserrat%3Aregular%2C700|font_style:400%20regular%3A400%3Anormal&#8221;][\/vc_column][\/vc_row][vc_row][vc_column][vc_empty_space][vc_custom_heading text=&#8221;We are living our 27th year of pride with your trust and trust&#8230;&#8221; font_container=&#8221;tag:h3|font_size:18px|text_align:center&#8221; google_fonts=&#8221;font_family:Montserrat%3Aregular%2C700|font_style:700%20bold%20regular%3A700%3Anormal&#8221;][vc_column_text]<\/p>\n<h3 style=\"text-align: center;\"><span style=\"color: #575757;\">Our aim; to offer the best quality with the lowest price, to produce products that are beneficial to humanity and to present them to consumers&#8230;<\/span><\/h3>\n<h3 style=\"text-align: center;\"><span style=\"color: #575757;\">We declare that our basic quality philosophy for the production of our products is to provide full customer satisfaction and to serve with higher quality products related to this.<\/span><\/h3>\n<h3 style=\"text-align: center;\"><span style=\"color: #575757;\">We welcome your valuable customer evaluation, comments or complaints to our e-mail address <a href=\"mailto:yasarlar@yasarlar.com.tr\">yasarlar@yasarlar.com.tr<\/a><\/span><\/h3>\n<h3 style=\"text-align: center;\"><span style=\"color: #575757;\">We thank you in advance for this.<\/span><\/h3>\n<h3 style=\"text-align: center;\"><span style=\"color: #575757;\">Your contribution to the development of our products is perceived as a real gain for us and guides our development activities in this direction&#8230;<\/span><\/h3>\n<p>[\/vc_column_text][vc_empty_space][\/vc_column][\/vc_row][vc_row][vc_column][vc_custom_heading text=&#8221;NEWS &amp; ANNOUNCEMENTS&#8221; font_container=&#8221;tag:h1|text_align:center|color:%23012067&#8243; google_fonts=&#8221;font_family:Montserrat%3Aregular%2C700|font_style:700%20bold%20regular%3A700%3Anormal&#8221;][\/vc_column][\/vc_row][vc_row][vc_column width=&#8221;1\/3&#8243;][vc_single_image image=&#8221;1282&#8243; img_size=&#8221;full&#8221; alignment=&#8221;center&#8221; onclick=&#8221;custom_link&#8221; link=&#8221;http:\/\/yasarlar.com.tr\/?page_id=1269&#8243;][vc_empty_space height=&#8221;12px&#8221;][vc_column_text]<\/p>\n<h3 style=\"text-align: left;\"><a href=\"http:\/\/yasarlar.com.tr\/?page_id=1269\">How should your daily dental care be?<\/a><\/h3>\n<p>[\/vc_column_text][vc_empty_space height=&#8221;12px&#8221;][vc_column_text]<\/p>\n<p style=\"text-align: left;\">Regarding daily dental care, when people provide a healthy oral and dental care, they may clean the tissues in the mouth in the best way and distance themselves from unpleasant images by providing the best way for dental diseases along with their personal care. Individually\u2026<\/p>\n<p>[\/vc_column_text][\/vc_column][vc_column width=&#8221;1\/3&#8243;][vc_single_image image=&#8221;1286&#8243; img_size=&#8221;full&#8221; alignment=&#8221;center&#8221; onclick=&#8221;custom_link&#8221; link=&#8221;http:\/\/yasarlar.com.tr\/?page_id=1270&#8243;][vc_empty_space height=&#8221;12px&#8221;][vc_column_text]<\/p>\n<h3><a href=\"http:\/\/yasarlar.com.tr\/?page_id=1270\">How Should I Protect the Future of My Child&#8217;s Health?<\/a><\/h3>\n<p>[\/vc_column_text][vc_empty_space height=&#8221;12px&#8221;][vc_column_text]<\/p>\n<p style=\"text-align: left;\">\u201cConsidering that oral and dental disease can have serious consequences and its treatment can be quite expensive, it should be especially emphasized that our children should take care of their teeth and mouth from the age of at least 2 years in order to prevent them from facing dental and oral problems in the future, and to clean their teeth regularly.<\/p>\n<p>[\/vc_column_text][\/vc_column][vc_column width=&#8221;1\/3&#8243;][vc_single_image image=&#8221;1287&#8243; img_size=&#8221;full&#8221; alignment=&#8221;center&#8221; onclick=&#8221;custom_link&#8221; link=&#8221;http:\/\/yasarlar.com.tr\/?page_id=1271&#8243;][vc_empty_space height=&#8221;12px&#8221;][vc_column_text]<\/p>\n<h3><a href=\"http:\/\/yasarlar.com.tr\/?page_id=1271\">Tooth and Gum Sensitivity<\/a><\/h3>\n<p>[\/vc_column_text][vc_empty_space height=&#8221;12px&#8221;][vc_column_text]<\/p>\n<p style=\"text-align: left;\">Dentin hypersensitivity or tooth sensitivity is a common dental problem. It is a condition that can develop over time as a result of common problems such as gum recession and tooth enamel erosion. Tooth sensitivity is most common between the ages of 20 and 50. Tooth sensitivity, your tooth is more\u2026<\/p>\n<p>[\/vc_column_text][\/vc_column][\/vc_row][vc_row][vc_column][vc_empty_space][vc_custom_heading text=&#8221;WE IN THE WORLD&#8221; font_container=&#8221;tag:h1|text_align:center|color:%23012067&#8243; google_fonts=&#8221;font_family:Montserrat%3Aregular%2C700|font_style:700%20bold%20regular%3A700%3Anormal&#8221;][vc_empty_space][vc_single_image image=&#8221;1292&#8243; img_size=&#8221;medium&#8221; alignment=&#8221;center&#8221;][\/vc_column][\/vc_row][vc_row full_width=&#8221;stretch_row_content_no_spaces&#8221; has_content=&#8221;false&#8221; el_class=&#8221;text-center&#8221; css=&#8221;.vc_custom_1436449851667{margin-top: 60px !important;}&#8221;][vc_column]<section  data-vc-parallax=\"1.5\" class=\"statement vc_parallax\" style=\"background-image: url('https:\/\/yasarlar.com.tr\/wp-content\/uploads\/2022\/01\/Yeni-Proje.jpg');\">[vc_column_text]<\/p>\n<h1 style=\"text-align: center;\"><span style=\"color: #ffffff;\">We produce in Turkey, we export to the world<\/span><br \/>\n<span style=\"color: #ffffff;\">The World&#8217;s Trust in Turkey<\/span><\/h1>\n<p>[\/vc_column_text][vc_empty_space height=&#8221;15px&#8221;]<\/section>[\/vc_column][\/vc_row]<\/p>","protected":false},"excerpt":{"rendered":"<p>[vc_row has_content=&#8221;true&#8221;][vc_column][rev_slider_vc alias=&#8221;main-slider&#8221;][\/vc_column][\/vc_row][vc_row full_width=&#8221;stretch_row&#8221; video_bg=&#8221;yes&#8221; video_bg_url=&#8221;https:\/\/www.youtube.com\/watch?v=eSq1Bm6NlfU&#8221; css=&#8221;.vc_custom_1641215182349{padding-top: 20px !important;padding-bottom: 20px !important;}&#8221;][vc_column][vc_column_text] We produce with a love for our inner values, so everything we think you can find in a toothpaste is here.. [\/vc_column_text][\/vc_column][\/vc_row][vc_row full_width=&#8221;stretch_row_content_no_spaces&#8221;][vc_column][vc_column_text][\/vc_column_text][\/vc_column][\/vc_row][vc_row][vc_column width=&#8221;1\/3&#8243;][vc_single_image image=&#8221;1079&#8243; img_size=&#8221;full&#8221; alignment=&#8221;center&#8221;][\/vc_column][vc_column width=&#8221;1\/3&#8243; css=&#8221;.vc_custom_1642403270632{margin-right:&#8230;<\/p>\n","protected":false},"author":1,"featured_media":0,"parent":0,"menu_order":0,"comment_status":"open","ping_status":"open","template":"","meta":{"footnotes":""},"class_list":["post-5","page","type-page","status-publish","hentry"],"_links":{"self":[{"href":"https:\/\/yasarlar.com.tr\/en\/wp-json\/wp\/v2\/pages\/5","targetHints":{"allow":["GET"]}}],"collection":[{"href":"https:\/\/yasarlar.com.tr\/en\/wp-json\/wp\/v2\/pages"}],"about":[{"href":"https:\/\/yasarlar.com.tr\/en\/wp-json\/wp\/v2\/types\/page"}],"author":[{"embeddable":true,"href":"https:\/\/yasarlar.com.tr\/en\/wp-json\/wp\/v2\/users\/1"}],"replies":[{"embeddable":true,"href":"https:\/\/yasarlar.com.tr\/en\/wp-json\/wp\/v2\/comments?post=5"}],"version-history":[{"count":71,"href":"https:\/\/yasarlar.com.tr\/en\/wp-json\/wp\/v2\/pages\/5\/revisions"}],"predecessor-version":[{"id":1736,"href":"https:\/\/yasarlar.com.tr\/en\/wp-json\/wp\/v2\/pages\/5\/revisions\/1736"}],"wp:attachment":[{"href":"https:\/\/yasarlar.com.tr\/en\/wp-json\/wp\/v2\/media?parent=5"}],"curies":[{"name":"wp","href":"https:\/\/api.w.org\/{rel}","templated":true}]}}