{"id":872,"date":"2021-12-22T19:30:08","date_gmt":"2021-12-22T16:30:08","guid":{"rendered":"http:\/\/yasarlar.com.tr\/?page_id=872"},"modified":"2026-03-13T10:21:06","modified_gmt":"2026-03-13T07:21:06","slug":"hakkimizda","status":"publish","type":"page","link":"https:\/\/yasarlar.com.tr\/en\/hakkimizda\/","title":{"rendered":"ABOUT US"},"content":{"rendered":"<p>[vc_row css=&#8221;.vc_custom_1628467109513{margin-top: 50px !important;}&#8221;][vc_column]<h3 class='heading-middle  divider-modern' ><span>ABOUT US<\/span><\/h3>[vc_empty_space height=&#8221;20px&#8221;][vc_column_text css_animation=&#8221;fadeInRight&#8221;]<\/p>\n<article id=\"post-\" class=\"testimonial clearfix\">\n<div class=\"post_content\">\n<div id=\"imCel0_00\">\n<div id=\"imCel0_00_Cont\">\n<div id=\"imObj0_00\">\n<div id=\"imCel0_00\">\n<div id=\"imCel0_00_Cont\">\n<div id=\"imObj0_00\">\n<p style=\"font-weight: 400;\">We are a manufacturer company which produces Oral Care and Body Care Products.<\/p>\n<p style=\"font-weight: 400;\">We are a company which that is one of the local and rooted families of our country, transferring passion for production, employment and export , the national values inherited from father and grandfather to our 4th generation. At the same time, we are an establisment that tries to convey this adventure, which starts from Rize and accelerates in Istanbul, the city of hearts and heart of world trade, to many countries.<\/p>\n<p style=\"font-weight: 400;\">In August 2000,\u00a0Ya\u015farlar\u00a0Kozmetik Medikal Sanayi ve D\u0131\u015f Ticaret A.\u015e (Yasarlar\u00a0Cosmetics Medical Industry and Foreign Trade Company) has begun its business and industrial life in Istanbul with 100% Turkish capital in order to provide employment, foreign currency inflow and added value to our country, to produce various commercial goods and services, to export and import.<\/p>\n<p style=\"font-weight: 400;\">We brought the manufacturer company Ya\u015farlar Kozmetik Medikal Sanayi ve D\u0131\u015f Ticaret A.\u015e (Yasarlar Cosmetics Medical Industry and Foreign Trade Company) to the values of our country in order to contribute to the industry and economy of our country with his experiences and entrepreneurial identity which is accepted by all domestic traders across our country and experienced foreign company representatives who know Turkey, after doing business in Tahtakale as known a big univercity in commercial life.<\/p>\n<p style=\"font-weight: 400;\">Our grandfather and father&#8217;s most valuable capital to us; Our service motto, which is based on the principle that individual and traders who do not deviate from the line of honesty and trust, who are not honest and reliable, cannot be accommodated in trade as well as in life; In line with our understanding of quality being identical with continuous development, we have taken it upon ourselves to offer the best possible quality at the lowest price, to produce products that are beneficial to humanity and to present them to consumers.<\/p>\n<p style=\"font-weight: 400;\">In addition to the Oral and Dental Care products that we produce, the practice on which we are based in the presentation of our Personal Care Products to the domestic market is in the form of wholesale by reaching the markets and pharmacies nationwide. However, we continue our export activities to many countries from Europe and the Balkans to the Turkic Republics, from the Middle East to Africa.<\/p>\n<p style=\"font-weight: 400;\">We perceive the guiding evaluations and thoughts on our side as real gains and attach great importance to them.<\/p>\n<p style=\"font-weight: 400;\">In this direction, we love and desire to provide an effective service with our guiding and market stabilizing contributions, actions and policies towards our activities within the framework of trade and social life by protecting our national values.<\/p>\n<p style=\"font-weight: 400;\">Our company knows very well that it receives its courage and success from the halal dedication and selfless business contributions of our employees, from our Business Partners with whom we do business, from the admiration and trust of our Consumers who prefer our products.<\/p>\n<p style=\"font-weight: 400;\">\u201cStarvation and insincerity looked through the door of our hardworking company, but did not dare to enter\u201d, we will forever preserve its value and the values of Promise, Sincerity, Honesty, Reliability and Humility.<\/p>\n<p style=\"font-weight: 400;\"><em>We would like to express our endless gratitude for your trust and trust&#8230;.<\/em><\/p>\n<\/div>\n<\/div>\n<\/div>\n<\/div>\n<\/div>\n<\/div>\n<\/div>\n<\/article>\n<p>[\/vc_column_text][vc_single_image image=&#8221;1037&#8243; img_size=&#8221;medium&#8221; alignment=&#8221;center&#8221;][vc_column_text css_animation=&#8221;fadeInRight&#8221;]<\/p>\n<article id=\"post-\" class=\"testimonial clearfix\">\n<div class=\"post_content\">\n<div id=\"imCel0_00\">\n<div id=\"imCel0_00_Cont\">\n<div id=\"imObj0_00\">\n<div id=\"imCel0_00\">\n<div id=\"imCel0_00_Cont\">\n<div id=\"imObj0_00\">\n<p style=\"text-align: center;\"><i>Res\u00fcl Y\u0131ld\u0131z (1973)<u><\/u><u><\/u><\/i><\/p>\n<p style=\"text-align: center;\"><i>The Chairman of the Board of the Company<\/i><\/p>\n<\/div>\n<\/div>\n<\/div>\n<\/div>\n<\/div>\n<\/div>\n<\/div>\n<\/article>\n<p>[\/vc_column_text][vc_empty_space][vc_column_text]<\/p>\n<table class=\" aligncenter\">\n<tbody>\n<tr>\n<td width=\"174\">Company Name<\/td>\n<td width=\"593\">Ya\u015farlar Kozmetik Medikal Sanayi ve D\u0131\u015f Ticaret A.\u015e.<\/p>\n<p>(Ya\u015farlar Cosmetics Medical Industry and Foreign Trade Inc.)<\/td>\n<\/tr>\n<tr>\n<td width=\"174\">Headquarter\/ Manufacturing Place Address<\/td>\n<td width=\"593\">Kavac\u0131k Mh. Per\u00e7emli K\u0131z Sk. No: 78 A\u00a0 \u00a0 Kavac\u0131k &#8211; Beykoz \/ \u0130STANBUL<\/td>\n<\/tr>\n<tr>\n<td width=\"174\">Trade Registry Registration Number<\/td>\n<td width=\"593\">Istanbul Chamber of Commerce (ITO) &#8211; 443610<\/td>\n<\/tr>\n<tr>\n<td width=\"174\">Industry Registry Registration Number<\/td>\n<td width=\"593\">Istanbul Chamber of Industry (ISO) &#8211; 37303<\/td>\n<\/tr>\n<tr>\n<td width=\"174\">Establisment Year<\/td>\n<td width=\"593\">August 2000<\/td>\n<\/tr>\n<tr>\n<td width=\"174\">Mersis Number<\/td>\n<td width=\"593\">0940017789000016<\/td>\n<\/tr>\n<tr>\n<td width=\"174\">Tax Deparment<\/td>\n<td width=\"593\">Beykoz<\/td>\n<\/tr>\n<tr>\n<td width=\"174\">Tax Number<\/td>\n<td width=\"593\">940 017 7890<\/td>\n<\/tr>\n<tr>\n<td width=\"174\">Chairman of the Board<\/td>\n<td width=\"593\">Res\u00fcl YILDIZ<\/td>\n<\/tr>\n<tr>\n<td width=\"174\">Legal Form of Establishment<\/td>\n<td width=\"593\">Incorporated Company<\/td>\n<\/tr>\n<tr>\n<td width=\"174\">Status<\/td>\n<td width=\"593\">Manufacturer\/ Exporter\/ Importer<\/td>\n<\/tr>\n<tr>\n<td width=\"174\">Capital Form<\/td>\n<td width=\"593\">1 Million TRL &#8211; %100 Turkish and Self Capital<\/td>\n<\/tr>\n<tr>\n<td width=\"174\">Registered Trademarks Owned<\/td>\n<td width=\"593\">FAMILY &#8211;\u00a0 FAVOR\u0130 FRESH WH\u0130TE &#8211; FAVOR\u0130 &#8211; DENT\u0130SH &#8211; DOAL &amp; DOAL &#8211; V\u0130TAMEN T\u00dcYO &#8211; V\u0130TAMEN &#8211; ERKEX DOAL &#8211; WYEGR@<\/td>\n<\/tr>\n<tr>\n<td width=\"174\">Industrial Design<\/td>\n<td width=\"593\">1 pc Storage Container<\/td>\n<\/tr>\n<\/tbody>\n<\/table>\n<p>[\/vc_column_text][\/vc_column][\/vc_row][vc_row css=&#8221;.vc_custom_1528673138891{margin-top: 30px !important;}&#8221;][vc_column width=&#8221;1\/2&#8243;]<h3 class='heading-middle  divider-modern' ><span>OUR VISION<\/span><\/h3>[vc_empty_space][vc_column_text css_animation=&#8221;fadeInDown&#8221;]The aim of YA\u015eARLAR KOZMETIK is to provide fast, high quality and economical services to its customers with customer-oriented, integrated communication solutions anytime and anywhere. We aim to be the most accurate address that carries our customers to the future with modern and technological tools.[\/vc_column_text][\/vc_column][vc_column width=&#8221;1\/2&#8243;]<h3 class='heading-middle  divider-modern' ><span>OUR MISSION<\/span><\/h3>[vc_empty_space][vc_column_text css_animation=&#8221;fadeInDown&#8221;]In the sectors in which we operate; We aim to meet the expectations of our customers at the highest level by being respectful to the individual and society, loyal to the law, economic and moral principles, sensitive to health, safety and the environment.[\/vc_column_text][\/vc_column][\/vc_row]<\/p>","protected":false},"excerpt":{"rendered":"<p>[vc_row css=&#8221;.vc_custom_1628467109513{margin-top: 50px !important;}&#8221;][vc_column][vc_empty_space height=&#8221;20px&#8221;][vc_column_text css_animation=&#8221;fadeInRight&#8221;] We are a manufacturer company which produces Oral Care and Body Care Products. We are a company which that is one of the local and rooted families of our country, transferring passion for production,&#8230;<\/p>\n","protected":false},"author":1,"featured_media":0,"parent":0,"menu_order":0,"comment_status":"closed","ping_status":"closed","template":"","meta":{"footnotes":""},"class_list":["post-872","page","type-page","status-publish","hentry"],"_links":{"self":[{"href":"https:\/\/yasarlar.com.tr\/en\/wp-json\/wp\/v2\/pages\/872","targetHints":{"allow":["GET"]}}],"collection":[{"href":"https:\/\/yasarlar.com.tr\/en\/wp-json\/wp\/v2\/pages"}],"about":[{"href":"https:\/\/yasarlar.com.tr\/en\/wp-json\/wp\/v2\/types\/page"}],"author":[{"embeddable":true,"href":"https:\/\/yasarlar.com.tr\/en\/wp-json\/wp\/v2\/users\/1"}],"replies":[{"embeddable":true,"href":"https:\/\/yasarlar.com.tr\/en\/wp-json\/wp\/v2\/comments?post=872"}],"version-history":[{"count":29,"href":"https:\/\/yasarlar.com.tr\/en\/wp-json\/wp\/v2\/pages\/872\/revisions"}],"predecessor-version":[{"id":1726,"href":"https:\/\/yasarlar.com.tr\/en\/wp-json\/wp\/v2\/pages\/872\/revisions\/1726"}],"wp:attachment":[{"href":"https:\/\/yasarlar.com.tr\/en\/wp-json\/wp\/v2\/media?parent=872"}],"curies":[{"name":"wp","href":"https:\/\/api.w.org\/{rel}","templated":true}]}}