{"id":873,"date":"2021-12-22T19:30:17","date_gmt":"2021-12-22T16:30:17","guid":{"rendered":"http:\/\/yasarlar.com.tr\/?page_id=873"},"modified":"2025-04-24T17:06:46","modified_gmt":"2025-04-24T14:06:46","slug":"iletisim","status":"publish","type":"page","link":"https:\/\/yasarlar.com.tr\/en\/iletisim\/","title":{"rendered":"CONTACT"},"content":{"rendered":"<p>[vc_row css=&#8221;.vc_custom_1554987094610{margin-top: 30px !important;padding-bottom: 20px !important;}&#8221;][vc_column width=&#8221;1\/2&#8243;]<h4 class='heading-content  style-1' ><span>CONTACT<\/span><\/h4>[vc_empty_space height=&#8221;15px&#8221;][vc_column_text css_animation=&#8221;fadeInLeft&#8221;]<\/p>\n<h6><b><span style=\"color: #000000; font-family: Tahoma;\">Headquarter\/ Manufacturing Place:<\/span><\/b><\/h6>\n<h3><b><span style=\"color: #000000; font-family: Tahoma;\">YA\u015eARLAR KOZMET\u0130K MED\u0130KAL SANAY\u0130 VE DI\u015e T\u0130CARET ANON\u0130M \u015e\u0130RKET\u0130<\/span><\/b><\/h3>\n<p><span class=\"ff2 fc2 fs12 fb \"><br \/>\n<strong>Address:<\/strong> \u00a0Kavacik Mh. Per\u00e7emli K\u0131z Sk. No:78 A 34810 Kavacik- Beykoz\/Istanbul- Turkey<br \/>\n<strong>Tel:<\/strong> +90 216 465 56 86 (pbx)<br \/>\n<strong>Fax:<\/strong> +90 216 465 56 72<br \/>\n<\/span><\/p>\n<p><span lang=\"tr\"><u><span style=\"color: #0000ff; font-family: Calibri;\"><a href=\"http:\/\/www.yasarlar.com.tr\/\" target=\"_blank\" rel=\"noopener\" data-saferedirecturl=\"https:\/\/www.google.com\/url?q=http:\/\/www.yasarlar.com.tr&amp;source=gmail&amp;ust=1641520031128000&amp;usg=AOvVaw0sBLEQRsXipSjpoQvbmKMx\">www.yasarlar.com.tr<\/a><\/span><\/u><\/span><\/p>\n<p><a href=\"mailto:yasarlar@yasarlar.com.tr\" target=\"_blank\" rel=\"noopener\"><span lang=\"tr\"><u><span style=\"color: #0000ff; font-family: Calibri;\">yasarlar@yasarlar.com.tr<\/span><\/u><\/span><\/a><a href=\"mailto:yasarlar@yasarlar.com.tr\" target=\"_blank\" rel=\"noopener\"><span lang=\"tr\"><br \/>\n<\/span><\/a><\/p>\n<p><a href=\"http:\/\/www.family.com.tr\/\" target=\"_blank\" rel=\"noopener\" data-saferedirecturl=\"https:\/\/www.google.com\/url?q=http:\/\/www.family.com.tr\/&amp;source=gmail&amp;ust=1641520031129000&amp;usg=AOvVaw3NHBhoIJ0r310NDo-LiKlJ\"><span lang=\"tr\"><u><span style=\"color: #0000ff; font-family: Calibri;\">www.family.com.tr<\/span><\/u><\/span><\/a>[\/vc_column_text][\/vc_column][vc_column width=&#8221;1\/2&#8243;][vc_column_text]<iframe loading=\"lazy\" style=\"border: 0;\" src=\"https:\/\/www.google.com\/maps\/embed?pb=!1m18!1m12!1m3!1d3007.018451650845!2d29.080370415416596!3d41.090443479292475!2m3!1f0!2f0!3f0!3m2!1i1024!2i768!4f13.1!3m3!1m2!1s0x14caca30c97af28f%3A0x815e3d4eab5fb247!2zS2F2YWPEsWssIFBlcsOnZW1saSBLxLF6IFNrLiBObzo3OCwgMzQ4MTAgQmV5a296L8Swc3RhbmJ1bA!5e0!3m2!1str!2str!4v1640201980894!5m2!1str!2str\" width=\"600\" height=\"450\" allowfullscreen=\"allowfullscreen\"><\/iframe>[\/vc_column_text][\/vc_column][\/vc_row][vc_row css=&#8221;.vc_custom_1418807519392{margin-top: 20px !important;}&#8221; has_content=&#8221;true&#8221;][vc_column][\/vc_column][\/vc_row]<\/p>","protected":false},"excerpt":{"rendered":"<p>[vc_row css=&#8221;.vc_custom_1554987094610{margin-top: 30px !important;padding-bottom: 20px !important;}&#8221;][vc_column width=&#8221;1\/2&#8243;][vc_empty_space height=&#8221;15px&#8221;][vc_column_text css_animation=&#8221;fadeInLeft&#8221;] Headquarter\/ Manufacturing Place: YA\u015eARLAR KOZMET\u0130K MED\u0130KAL SANAY\u0130 VE DI\u015e T\u0130CARET ANON\u0130M \u015e\u0130RKET\u0130 Address: \u00a0Kavacik Mh. Per\u00e7emli K\u0131z Sk. No:78 A 34810 Kavacik- Beykoz\/Istanbul- Turkey Tel: +90 216 465 56 86 (pbx)&#8230;<\/p>\n","protected":false},"author":1,"featured_media":0,"parent":0,"menu_order":0,"comment_status":"closed","ping_status":"closed","template":"","meta":{"footnotes":""},"class_list":["post-873","page","type-page","status-publish","hentry"],"_links":{"self":[{"href":"https:\/\/yasarlar.com.tr\/en\/wp-json\/wp\/v2\/pages\/873","targetHints":{"allow":["GET"]}}],"collection":[{"href":"https:\/\/yasarlar.com.tr\/en\/wp-json\/wp\/v2\/pages"}],"about":[{"href":"https:\/\/yasarlar.com.tr\/en\/wp-json\/wp\/v2\/types\/page"}],"author":[{"embeddable":true,"href":"https:\/\/yasarlar.com.tr\/en\/wp-json\/wp\/v2\/users\/1"}],"replies":[{"embeddable":true,"href":"https:\/\/yasarlar.com.tr\/en\/wp-json\/wp\/v2\/comments?post=873"}],"version-history":[{"count":18,"href":"https:\/\/yasarlar.com.tr\/en\/wp-json\/wp\/v2\/pages\/873\/revisions"}],"predecessor-version":[{"id":1703,"href":"https:\/\/yasarlar.com.tr\/en\/wp-json\/wp\/v2\/pages\/873\/revisions\/1703"}],"wp:attachment":[{"href":"https:\/\/yasarlar.com.tr\/en\/wp-json\/wp\/v2\/media?parent=873"}],"curies":[{"name":"wp","href":"https:\/\/api.w.org\/{rel}","templated":true}]}}